{"id":410,"date":"2015-10-01T10:25:16","date_gmt":"2015-10-01T08:25:16","guid":{"rendered":"http:\/\/www.eichinger-evelyn.de\/?page_id=410"},"modified":"2015-10-01T10:25:16","modified_gmt":"2015-10-01T08:25:16","slug":"datenschutz","status":"publish","type":"page","link":"http:\/\/www.eichinger-evelyn.de\/?page_id=410","title":{"rendered":"Datenschutz"},"content":{"rendered":"<div class=\"container\">\n<div class=\"row\">\n<div class=\"medium-12 columns\">\n<article id=\"post-189\" class=\"post-189 page type-page status-publish has-post-thumbnail hentry\">\n<div class=\"entry-content\">\n<p><strong>Datenschutz<\/strong><\/p>\n<p>Bei jedem Zugriff eines Nutzers auf eine Seite und bei jedem Abruf einer Datei werden \u00fcber diesen Vorgang Daten in einer Protokolldatei gespeichert. Die Speicherung dient ausschlie\u00dflich internen systembezogenen und statistischen Zwecken. Ein Personenbezug kann dadurch nicht hergestellt werden. Im Einzelnen wird folgendes dabei gespeichert: Name der abgerufenen Datei, Datum und Uhrzeit des Abrufs, \u00fcbertragene Datenmenge, Meldung, ob der Abruf erfolgreich war, Beschreibung des Typs des verwendeten Webbrowsers, anfragende Domain.<\/p>\n<p><strong>Datenschutzerkl\u00e4rung f\u00fcr die Nutzung von Google Analytics<\/strong><\/p>\n<p>Diese Website benutzt Google Analytics, einen Webanalysedienst der Google Inc. (\u201cGoogle\u201d). Google Analytics verwendet sog. \u201cCookies\u201d, Textdateien, die auf Ihrem Computer gespeichert werden und die eine Analyse der Benutzung der Website erm\u00f6glicht. Die durch den Cookie erzeugten Informationen \u00fcber Ihre Benutzung diese Website (einschlie\u00dflich Ihrer IP-Adresse) wird an einen Server der Google in den USA \u00fcbertragen und dort gespeichert. Google wird diese Informationen benutzen, um Ihre Nutzung der Website auszuwerten, um Reports \u00fcber die Websiteaktivit\u00e4ten f\u00fcr die Websitebetreiber zusammenzustellen und um weitere mit der Websitenutzung und der Internetnutzung verbundene Dienstleistungen zu erbringen. Auch wird Google diese Informationen gegebenenfalls an Dritte \u00fcbertragen, sofern dies gesetzlich vorgeschrieben oder soweit Dritte diese Daten im Auftrag von Google verarbeiten. Google wird in keinem Fall Ihre IP-Adresse mit anderen Daten der Google in Verbindung bringen. Sie k\u00f6nnen die Installation der Cookies durch eine entsprechende Einstellung Ihrer Browser Software verhindern; wir weisen Sie jedoch darauf hin, dass Sie in diesem Fall gegebenenfalls nicht s\u00e4mtliche Funktionen dieser Website voll umf\u00e4nglich nutzen k\u00f6nnen. Durch die Nutzung dieser Website erkl\u00e4ren Sie sich mit der Bearbeitung der \u00fcber Sie erhobenen Daten durch Google in der zuvor beschriebenen Art und Weise und zu dem zuvor benannten Zweck einverstanden. Google respektiert und sch\u00fctzt die Privatsph\u00e4re aller, die Googles Suchmaschine benutzen (\u201cGoogles Suchservice\u201d). Wie in diesen Datenschutzbestimmungen (\u201cDatenschutzbestimmungen\u201d) erkl\u00e4rt wird, werden individuell identifizierbare Informationen \u00fcber Sie nicht an Dritte weitergegeben, ohne dass nicht vorher die Erlaubnis von Ihnen eingeholt wurde. Lesen Sie mehr zu Googles Datenschutzbestimmungen (www.google.com\/intl\/de\/privacy.html).<\/p>\n<p><strong>Datenschutzerkl\u00e4rung f\u00fcr die Nutzung von Facebook-Plugins (Like-Button)<\/strong><\/p>\n<p>Auf unseren Seiten sind Plugins des sozialen Netzwerks Facebook (Facebook Inc., 1601 Willow Road, Menlo Park, California, 94025, USA) integriert. Die Facebook-Plugins erkennen Sie an dem Facebook-Logo oder dem \u201cLike-Button\u201d (\u201cGef\u00e4llt mir\u201d) auf unserer Seite. Eine \u00dcbersicht \u00fcber die Facebook-Plugins finden Sie hier: <a href=\"http:\/\/developers.facebook.com\/docs\/plugins\/\" target=\"_blank\">http:\/\/developers.facebook.com\/docs\/plugins\/<\/a>.<br \/>\nWenn Sie unsere Seiten besuchen, wird \u00fcber das Plugin eine direkte Verbindung zwischen Ihrem Browser und dem Facebook-Server hergestellt. Facebook erh\u00e4lt dadurch die Information, dass Sie mit Ihrer IP-Adresse unsere Seite besucht haben. Wenn Sie den Facebook \u201cLike-Button\u201d anklicken w\u00e4hrend Sie in Ihrem Facebook-Account eingeloggt sind, k\u00f6nnen Sie die Inhalte unserer Seiten auf Ihrem Facebook-Profil verlinken. Dadurch kann Facebook den Besuch unserer Seiten Ihrem Benutzerkonto zuordnen. Wir weisen darauf hin, dass wir als Anbieter der Seiten keine Kenntnis vom Inhalt der \u00fcbermittelten Daten sowie deren Nutzung durch Facebook erhalten. Weitere Informationen hierzu finden Sie in der Datenschutzerkl\u00e4rung von facebook unter <a href=\"http:\/\/de-de.facebook.com\/policy.php\" target=\"_blank\">http:\/\/de-de.facebook.com\/policy.php<\/a><\/p>\n<p>Wenn Sie nicht w\u00fcnschen, dass Facebook den Besuch unserer Seiten Ihrem Facebook-Nutzerkonto zuordnen kann, loggen Sie sich bitte aus Ihrem Facebook-Benutzerkonto aus.<\/p>\n<\/div>\n<footer><\/footer>\n<\/article>\n<\/div>\n<\/div>\n<\/div>\n","protected":false},"excerpt":{"rendered":"<p>Datenschutz Bei jedem Zugriff eines Nutzers auf eine Seite und bei jedem Abruf einer Datei werden \u00fcber diesen Vorgang Daten in einer Protokolldatei gespeichert. Die Speicherung dient ausschlie\u00dflich internen systembezogenen&#8230;<\/p>\n<p><a class='more-link' href='http:\/\/www.eichinger-evelyn.de\/?page_id=410'>Weiterlesen <span class='screen-reader-text'>Datenschutz<\/span><\/a><\/p>","protected":false},"author":1,"featured_media":0,"parent":0,"menu_order":0,"comment_status":"closed","ping_status":"open","template":"","meta":[],"_links":{"self":[{"href":"http:\/\/www.eichinger-evelyn.de\/index.php?rest_route=\/wp\/v2\/pages\/410"}],"collection":[{"href":"http:\/\/www.eichinger-evelyn.de\/index.php?rest_route=\/wp\/v2\/pages"}],"about":[{"href":"http:\/\/www.eichinger-evelyn.de\/index.php?rest_route=\/wp\/v2\/types\/page"}],"author":[{"embeddable":true,"href":"http:\/\/www.eichinger-evelyn.de\/index.php?rest_route=\/wp\/v2\/users\/1"}],"replies":[{"embeddable":true,"href":"http:\/\/www.eichinger-evelyn.de\/index.php?rest_route=%2Fwp%2Fv2%2Fcomments&post=410"}],"version-history":[{"count":1,"href":"http:\/\/www.eichinger-evelyn.de\/index.php?rest_route=\/wp\/v2\/pages\/410\/revisions"}],"predecessor-version":[{"id":411,"href":"http:\/\/www.eichinger-evelyn.de\/index.php?rest_route=\/wp\/v2\/pages\/410\/revisions\/411"}],"wp:attachment":[{"href":"http:\/\/www.eichinger-evelyn.de\/index.php?rest_route=%2Fwp%2Fv2%2Fmedia&parent=410"}],"curies":[{"name":"wp","href":"https:\/\/api.w.org\/{rel}","templated":true}]}}